{"id":118,"date":"2025-10-17T12:06:23","date_gmt":"2025-10-17T10:06:23","guid":{"rendered":"https:\/\/naughty-mirzakhani.151-80-60-74.plesk.page\/?page_id=118"},"modified":"2025-12-10T11:52:40","modified_gmt":"2025-12-10T10:52:40","slug":"privacy-policy","status":"publish","type":"page","link":"https:\/\/naughty-mirzakhani.151-80-60-74.plesk.page\/es\/privacy-policy\/","title":{"rendered":"Privacy policy"},"content":{"rendered":"<div data-elementor-type=\"wp-page\" data-elementor-id=\"118\" class=\"elementor elementor-118\" data-elementor-post-type=\"page\">\n\t\t\t\t\t\t<section class=\"elementor-section elementor-top-section elementor-element elementor-element-87c784e elementor-section-stretched elementor-section-height-min-height elementor-section-boxed elementor-section-height-default elementor-section-items-middle\" data-id=\"87c784e\" data-element_type=\"section\" data-e-type=\"section\" data-settings=\"{&quot;stretch_section&quot;:&quot;section-stretched&quot;,&quot;background_background&quot;:&quot;classic&quot;}\">\n\t\t\t\t\t\t<div class=\"elementor-container elementor-column-gap-default\">\n\t\t\t\t\t<div class=\"elementor-column elementor-col-100 elementor-top-column elementor-element elementor-element-625c380\" data-id=\"625c380\" data-element_type=\"column\" data-e-type=\"column\">\n\t\t\t<div class=\"elementor-widget-wrap elementor-element-populated\">\n\t\t\t\t\t\t<div class=\"elementor-element elementor-element-995e52f elementor-widget__width-initial elementor-widget elementor-widget-heading\" data-id=\"995e52f\" data-element_type=\"widget\" data-e-type=\"widget\" data-widget_type=\"heading.default\">\n\t\t\t\t<div class=\"elementor-widget-container\">\n\t\t\t\t\t<h1 class=\"elementor-heading-title elementor-size-default\">Privacy policy<\/h1>\t\t\t\t<\/div>\n\t\t\t\t<\/div>\n\t\t\t\t\t<\/div>\n\t\t<\/div>\n\t\t\t\t\t<\/div>\n\t\t<\/section>\n\t\t\t\t<section class=\"elementor-section elementor-top-section elementor-element elementor-element-433ad61 elementor-section-boxed elementor-section-height-default elementor-section-height-default\" data-id=\"433ad61\" data-element_type=\"section\" data-e-type=\"section\">\n\t\t\t\t\t\t<div class=\"elementor-container elementor-column-gap-default\">\n\t\t\t\t\t<div class=\"elementor-column elementor-col-100 elementor-top-column elementor-element elementor-element-da93de3\" data-id=\"da93de3\" data-element_type=\"column\" data-e-type=\"column\">\n\t\t\t<div class=\"elementor-widget-wrap elementor-element-populated\">\n\t\t\t\t\t\t<div class=\"elementor-element elementor-element-013d5f3 elementor-widget elementor-widget-text-editor\" data-id=\"013d5f3\" data-element_type=\"widget\" data-e-type=\"widget\" data-widget_type=\"text-editor.default\">\n\t\t\t\t<div class=\"elementor-widget-container\">\n\t\t\t\t\t\t\t\t\t<p>TITULARIDAD DE LA WEB El dominio www.confortpisos.es se haya registrado y es propiedad de Confortpisos S.L., inscrita en el Registro Mercantil de Barcelona, tomo 30.170, folio 173, hoja n\u00famero B.167.122 y con C.I.F. B-61487260. El domicilio social de CONFORTPISOS S.L. est\u00e1 establecido en C\/Sant Antonio Maria Claret 30-32 Ent 1\u00aa 08950 Esplugues del Llobregat (Barcelona) y con n\u00fameros de tel\u00e9fono y fax: 93 372 27 23 y 93 480 31 37, respectivamente.<\/p><p>POL\u00cdTICA DE PRIVACIDAD Y PROTECCI\u00d3N DE DATOS De conformidad con la Ley Org\u00e1nica 15\/1999, de 13 de diciembre, de Protecci\u00f3n de Datos de Car\u00e1cter Personal y la Ley 34\/2002, de 11 de julio, de Servicios de la Sociedad de la Informaci\u00f3n y Comercio Electr\u00f3nico, CONFORTPISOS le informa que los datos facilitados por el usuario formar\u00e1n parte de un fichero titularidad de CONFORTPISOS, cuya finalidad es poder atender y procesar adecuadamente las solicitudes de consultas remitidas, as\u00ed como poder informarle y transmitirle informaci\u00f3n de los servicios y productos que ofrece CONFORTPISOS. Asimismo, los datos recabados podr\u00e1n tratarse con finalidades publicitarias y comerciales de los productos y servicios ofrecidos por CONFORTPISOS. CONFORTPISOS garantiza la confidencialidad de los datos recabados y la adopci\u00f3n de las medidas de \u00edndole t\u00e9cnica y organizativas necesarias que garanticen la seguridad de los datos de car\u00e1cter personal y eviten su alteraci\u00f3n, p\u00e9rdida, tratamiento o acceso no autorizado de conformidad con la legislaci\u00f3n vigente, y se compromete a no utilizar los datos con finalidades incompatibles a las indicadas y a no comunicar o ceder, salvo las excepciones legalmente previstas, los datos de car\u00e1cter personal. El usuario garantiza que los datos que proporciona son exactos y actualizados y se compromete a comunicar a CONFORTPISOS cualquier rectificaci\u00f3n o modificaci\u00f3n en \u00e9stos. En el caso que el usuario facilite datos de otra\/s persona\/s, \u00e9ste se hace responsable de la acreditaci\u00f3n del derecho de informaci\u00f3n y del consentimiento, de la licitud de la comunicaci\u00f3n o cesi\u00f3n y del cumplimiento de las obligaciones en materia de protecci\u00f3n de datos de car\u00e1cter personal. El env\u00edo del formulario rellenado con los datos, implica que el usuario consiente inequ\u00edvocamente el tratamiento de sus datos e igualmente que autoriza expresamente el env\u00edo de informaci\u00f3n comercial, ofertas o cualquier otro mensaje que contenga informaci\u00f3n o publicidad de nuestra empresa. Le informamos que puede ejercitar gratuitamente sus derechos de acceso, rectificaci\u00f3n, cancelaci\u00f3n y oposici\u00f3n ante el responsable del fichero en la siguiente direcci\u00f3n postal:<\/p><p>Confortpisos S.L. C\/Sant Antonio Maria Claret 30-32 Ent 1\u00aa 08950 Esplugues del Llobregat (Barcelona)<\/p><p>Los antedichos derechos se podr\u00e1n ejercitar por el propio afectado, acreditando su identidad; por el representante legal, en cuyo caso ser\u00e1 necesaria, adem\u00e1s de la identificaci\u00f3n del afectado, la acreditaci\u00f3n de la representaci\u00f3n; o por representante voluntario, en cuyo caso se deber\u00e1 acreditar la identidad del afectado, del representado y documento que acredite la representaci\u00f3n conferida. En cualquier caso la identificaci\u00f3n consistir\u00e1 en copia del Documento Nacional de Identidad o documento equivalente.<\/p>\t\t\t\t\t\t\t\t<\/div>\n\t\t\t\t<\/div>\n\t\t\t\t\t<\/div>\n\t\t<\/div>\n\t\t\t\t\t<\/div>\n\t\t<\/section>\n\t\t\t\t<\/div>","protected":false},"excerpt":{"rendered":"<p>Privacy policy TITULARIDAD DE LA WEB El dominio www.confortpisos.es se haya registrado y es propiedad de Confortpisos S.L., inscrita en el Registro Mercantil de Barcelona, tomo 30.170, folio 173, hoja n\u00famero B.167.122 y con C.I.F. B-61487260. El domicilio social de CONFORTPISOS S.L. est\u00e1 establecido en C\/Sant Antonio Maria Claret 30-32 Ent 1\u00aa 08950 Esplugues del [&hellip;]<\/p>\n","protected":false},"author":4,"featured_media":0,"parent":0,"menu_order":0,"comment_status":"closed","ping_status":"closed","template":"","meta":{"footnotes":""},"class_list":["post-118","page","type-page","status-publish","hentry"],"_links":{"self":[{"href":"https:\/\/naughty-mirzakhani.151-80-60-74.plesk.page\/es\/wp-json\/wp\/v2\/pages\/118","targetHints":{"allow":["GET"]}}],"collection":[{"href":"https:\/\/naughty-mirzakhani.151-80-60-74.plesk.page\/es\/wp-json\/wp\/v2\/pages"}],"about":[{"href":"https:\/\/naughty-mirzakhani.151-80-60-74.plesk.page\/es\/wp-json\/wp\/v2\/types\/page"}],"author":[{"embeddable":true,"href":"https:\/\/naughty-mirzakhani.151-80-60-74.plesk.page\/es\/wp-json\/wp\/v2\/users\/4"}],"replies":[{"embeddable":true,"href":"https:\/\/naughty-mirzakhani.151-80-60-74.plesk.page\/es\/wp-json\/wp\/v2\/comments?post=118"}],"version-history":[{"count":7,"href":"https:\/\/naughty-mirzakhani.151-80-60-74.plesk.page\/es\/wp-json\/wp\/v2\/pages\/118\/revisions"}],"predecessor-version":[{"id":364,"href":"https:\/\/naughty-mirzakhani.151-80-60-74.plesk.page\/es\/wp-json\/wp\/v2\/pages\/118\/revisions\/364"}],"wp:attachment":[{"href":"https:\/\/naughty-mirzakhani.151-80-60-74.plesk.page\/es\/wp-json\/wp\/v2\/media?parent=118"}],"curies":[{"name":"wp","href":"https:\/\/api.w.org\/{rel}","templated":true}]}}